{"id":478,"date":"2021-09-07T10:11:43","date_gmt":"2021-09-07T10:11:43","guid":{"rendered":"https:\/\/kits.themecy.com\/memberships-2\/?page_id=6"},"modified":"2025-02-12T17:59:19","modified_gmt":"2025-02-12T16:59:19","slug":"home","status":"publish","type":"page","link":"https:\/\/sp6zhp.pl\/","title":{"rendered":"Home"},"content":{"rendered":"\t\t<div data-elementor-type=\"wp-page\" data-elementor-id=\"478\" class=\"elementor elementor-478\">\n\t\t\t\t\t\t<section class=\"elementor-section elementor-top-section elementor-element elementor-element-c1f4137 elementor-section-content-middle elementor-section-full_width elementor-section-height-default elementor-section-height-default\" data-id=\"c1f4137\" data-element_type=\"section\" data-settings=\"{&quot;background_background&quot;:&quot;classic&quot;}\">\n\t\t\t\t\t\t\t<div class=\"elementor-background-overlay\"><\/div>\n\t\t\t\t\t\t\t<div class=\"elementor-container elementor-column-gap-default\">\n\t\t\t\t\t<div class=\"elementor-column elementor-col-33 elementor-top-column elementor-element elementor-element-617c24c\" data-id=\"617c24c\" data-element_type=\"column\">\n\t\t\t<div class=\"elementor-widget-wrap\">\n\t\t\t\t\t\t\t<\/div>\n\t\t<\/div>\n\t\t\t\t<div class=\"elementor-column elementor-col-33 elementor-top-column elementor-element elementor-element-a8f9830\" data-id=\"a8f9830\" data-element_type=\"column\" data-settings=\"{&quot;background_background&quot;:&quot;classic&quot;}\">\n\t\t\t<div class=\"elementor-widget-wrap elementor-element-populated\">\n\t\t\t\t\t\t<div class=\"elementor-element elementor-element-ec1675e elementor-widget__width-inherit elementor-widget elementor-widget-heading\" data-id=\"ec1675e\" data-element_type=\"widget\" data-widget_type=\"heading.default\">\n\t\t\t\t<div class=\"elementor-widget-container\">\n\t\t\t\t\t<h1 class=\"elementor-heading-title elementor-size-default\"><h1 style=\"text-align: center\"><span style=\"color: #f7d418\">Harcerski Klub \u0141\u0105czno\u015bci SP6ZHP RadioAktywni<\/span><\/h1><\/h1>\t\t\t\t<\/div>\n\t\t\t\t<\/div>\n\t\t\t\t\t<\/div>\n\t\t<\/div>\n\t\t\t\t<div class=\"elementor-column elementor-col-33 elementor-top-column elementor-element elementor-element-b3edc7b\" data-id=\"b3edc7b\" data-element_type=\"column\">\n\t\t\t<div class=\"elementor-widget-wrap\">\n\t\t\t\t\t\t\t<\/div>\n\t\t<\/div>\n\t\t\t\t\t<\/div>\n\t\t<\/section>\n\t\t\t\t<section class=\"elementor-section elementor-top-section elementor-element elementor-element-cc0b47e elementor-hidden-phone elementor-section-full_width elementor-section-height-default elementor-section-height-default\" data-id=\"cc0b47e\" data-element_type=\"section\" data-settings=\"{&quot;background_background&quot;:&quot;classic&quot;}\">\n\t\t\t\t\t\t<div class=\"elementor-container elementor-column-gap-default\">\n\t\t\t\t\t<div class=\"elementor-column elementor-col-33 elementor-top-column elementor-element elementor-element-5ec7527\" data-id=\"5ec7527\" data-element_type=\"column\">\n\t\t\t<div class=\"elementor-widget-wrap\">\n\t\t\t\t\t\t\t<\/div>\n\t\t<\/div>\n\t\t\t\t<div class=\"elementor-column elementor-col-33 elementor-top-column elementor-element elementor-element-50e2f33\" data-id=\"50e2f33\" data-element_type=\"column\">\n\t\t\t<div class=\"elementor-widget-wrap elementor-element-populated\">\n\t\t\t\t\t\t<div class=\"elementor-element elementor-element-b0fe505 gallery-spacing-custom elementor-widget__width-initial elementor-widget elementor-widget-image-gallery\" data-id=\"b0fe505\" data-element_type=\"widget\" data-widget_type=\"image-gallery.default\">\n\t\t\t\t<div class=\"elementor-widget-container\">\n\t\t\t\t\t\t\t<div class=\"elementor-image-gallery\">\n\t\t\t<div id='gallery-1' class='gallery galleryid-478 gallery-columns-2 gallery-size-full'><figure class='gallery-item'>\n\t\t\t<div class='gallery-icon landscape'>\n\t\t\t\t<img decoding=\"async\" width=\"150\" height=\"150\" src=\"https:\/\/sp6zhp.pl\/wp-content\/uploads\/2023\/12\/1.png\" class=\"attachment-full size-full\" alt=\"\" \/>\n\t\t\t<\/div><\/figure><figure class='gallery-item'>\n\t\t\t<div class='gallery-icon landscape'>\n\t\t\t\t<img decoding=\"async\" width=\"150\" height=\"150\" src=\"https:\/\/sp6zhp.pl\/wp-content\/uploads\/2023\/12\/2.png\" class=\"attachment-full size-full\" alt=\"\" \/>\n\t\t\t<\/div><\/figure>\n\t\t<\/div>\n\t\t<\/div>\n\t\t\t\t\t\t<\/div>\n\t\t\t\t<\/div>\n\t\t\t\t\t<\/div>\n\t\t<\/div>\n\t\t\t\t<div class=\"elementor-column elementor-col-33 elementor-top-column elementor-element elementor-element-cf5fc5b\" data-id=\"cf5fc5b\" data-element_type=\"column\">\n\t\t\t<div class=\"elementor-widget-wrap\">\n\t\t\t\t\t\t\t<\/div>\n\t\t<\/div>\n\t\t\t\t\t<\/div>\n\t\t<\/section>\n\t\t<div class=\"elementor-element elementor-element-693be31 e-flex e-con-boxed e-con e-parent\" data-id=\"693be31\" data-element_type=\"container\">\n\t\t\t\t\t<div class=\"e-con-inner\">\n\t\t<div class=\"elementor-element elementor-element-1f2f323 e-con-full e-flex e-con e-child\" data-id=\"1f2f323\" data-element_type=\"container\">\n\t\t<div class=\"elementor-element elementor-element-9ba59cb e-flex e-con-boxed e-con e-child\" data-id=\"9ba59cb\" data-element_type=\"container\">\n\t\t\t\t\t<div class=\"e-con-inner\">\n\t\t\t\t\t<\/div>\n\t\t\t\t<\/div>\n\t\t\t\t<\/div>\n\t\t<div class=\"elementor-element elementor-element-67ff459 e-con-full e-flex e-con e-child\" data-id=\"67ff459\" data-element_type=\"container\">\n\t\t<div class=\"elementor-element elementor-element-b842806 e-flex e-con-boxed e-con e-child\" data-id=\"b842806\" data-element_type=\"container\">\n\t\t\t\t\t<div class=\"e-con-inner\">\n\t\t\t\t\t<\/div>\n\t\t\t\t<\/div>\n\t\t\t\t<\/div>\n\t\t\t\t\t<\/div>\n\t\t\t\t<\/div>\n\t\t<div class=\"elementor-element elementor-element-60513ff e-flex e-con-boxed e-con e-parent\" data-id=\"60513ff\" data-element_type=\"container\">\n\t\t\t\t\t<div class=\"e-con-inner\">\n\t\t\t\t<div class=\"elementor-element elementor-element-46fd171 elementor-widget-divider--view-line elementor-widget elementor-widget-divider\" data-id=\"46fd171\" data-element_type=\"widget\" data-widget_type=\"divider.default\">\n\t\t\t\t<div class=\"elementor-widget-container\">\n\t\t\t\t\t\t\t<div class=\"elementor-divider\">\n\t\t\t<span class=\"elementor-divider-separator\">\n\t\t\t\t\t\t<\/span>\n\t\t<\/div>\n\t\t\t\t\t\t<\/div>\n\t\t\t\t<\/div>\n\t\t\t\t\t<\/div>\n\t\t\t\t<\/div>\n\t\t<div class=\"elementor-element elementor-element-4b322ca e-flex e-con-boxed e-con e-parent\" data-id=\"4b322ca\" data-element_type=\"container\">\n\t\t\t\t\t<div class=\"e-con-inner\">\n\t\t\t\t<div class=\"elementor-element elementor-element-2cb8705 elementor-widget elementor-widget-heading\" data-id=\"2cb8705\" data-element_type=\"widget\" data-widget_type=\"heading.default\">\n\t\t\t\t<div class=\"elementor-widget-container\">\n\t\t\t\t\t<h2 class=\"elementor-heading-title elementor-size-default\">Aktualno\u015bci<\/h2>\t\t\t\t<\/div>\n\t\t\t\t<\/div>\n\t\t\t\t\t<\/div>\n\t\t\t\t<\/div>\n\t\t<div class=\"elementor-element elementor-element-1516d27 e-flex e-con-boxed e-con e-parent\" data-id=\"1516d27\" data-element_type=\"container\">\n\t\t\t\t\t<div class=\"e-con-inner\">\n\t\t\t\t<div class=\"elementor-element elementor-element-4149108 elementor-grid-eael-col-4 elementor-grid-tablet-eael-col-2 elementor-grid-mobile-eael-col-1 elementor-widget elementor-widget-eael-post-grid\" data-id=\"4149108\" data-element_type=\"widget\" data-settings=\"{&quot;eael_post_grid_columns&quot;:&quot;eael-col-4&quot;,&quot;eael_post_grid_columns_tablet&quot;:&quot;eael-col-2&quot;,&quot;eael_post_grid_columns_mobile&quot;:&quot;eael-col-1&quot;}\" data-widget_type=\"eael-post-grid.default\">\n\t\t\t\t<div class=\"elementor-widget-container\">\n\t\t\t\t\t<div id=\"eael-post-grid-4149108\" class=\"eael-post-grid-container\">\n            <div class=\"eael-post-grid eael-post-appender eael-post-appender-4149108 eael-post-grid-style-one\" data-layout-mode=\"masonry\"><article class=\"eael-grid-post  eael-post-grid-column eael-pg-post-1244 category-aktualnosci\" data-id=\"1244\">\n        <div class=\"eael-grid-post-holder\">\n            <div class=\"eael-grid-post-holder-inner\"><div class=\"eael-entry-media\"><div class=\"eael-entry-overlay fade-in\"><i class=\"fas fa-long-arrow-alt-right\" aria-hidden=\"true\"><\/i><a href=\"https:\/\/sp6zhp.pl\/?p=1244\"><\/a><\/div><div class=\"eael-entry-thumbnail \">\n                <img fetchpriority=\"high\" decoding=\"async\" width=\"768\" height=\"554\" src=\"https:\/\/sp6zhp.pl\/wp-content\/uploads\/2026\/02\/photo_5787154315091840361_y-1-768x554.jpg\" class=\"attachment-medium_large size-medium_large wp-image-1247\" alt=\"\" srcset=\"https:\/\/sp6zhp.pl\/wp-content\/uploads\/2026\/02\/photo_5787154315091840361_y-1-768x554.jpg 768w, https:\/\/sp6zhp.pl\/wp-content\/uploads\/2026\/02\/photo_5787154315091840361_y-1-300x216.jpg 300w, https:\/\/sp6zhp.pl\/wp-content\/uploads\/2026\/02\/photo_5787154315091840361_y-1-1024x738.jpg 1024w, https:\/\/sp6zhp.pl\/wp-content\/uploads\/2026\/02\/photo_5787154315091840361_y-1.jpg 1280w\" sizes=\"(max-width: 768px) 100vw, 768px\" \/>\n            <\/div>\n        <\/div><div class=\"eael-entry-wrapper\"><header class=\"eael-entry-header\"><h3 class=\"eael-entry-title\"><a class=\"eael-grid-post-link\" href=\"https:\/\/sp6zhp.pl\/?p=1244\" title=\"Kurs Kr\u00f3tkofalarski edycja 2026!\">Kurs Kr\u00f3tkofalarski edycja 2026!<\/a><\/h3><\/header><div class=\"eael-entry-header-after\"><div class=\"eael-entry-meta\"><span class=\"eael-posted-on\"><time datetime=\"2026-02-10\">2026-02-10<\/time><\/span><\/div><\/div><div class=\"eael-entry-content\">\n                        <div class=\"eael-grid-post-excerpt\"><p>Chcesz zdoby\u0107 licencj\u0119 radiow\u0105? Rusza BEZP\u0141ATNY kurs kr\u00f3tkofalarski! Szukasz nowej...<\/p><a href=\"https:\/\/sp6zhp.pl\/?p=1244\" class=\"eael-post-elements-readmore-btn\">Read More<\/a><\/div>\n                    <\/div><\/div><\/div>\n        <\/div>\n    <\/article><article class=\"eael-grid-post  eael-post-grid-column eael-pg-post-1234 category-aktualnosci tags-sp6mnm\" data-id=\"1234\">\n        <div class=\"eael-grid-post-holder\">\n            <div class=\"eael-grid-post-holder-inner\"><div class=\"eael-entry-media\"><div class=\"eael-entry-overlay fade-in\"><i class=\"fas fa-long-arrow-alt-right\" aria-hidden=\"true\"><\/i><a href=\"https:\/\/sp6zhp.pl\/?p=1234\"><\/a><\/div><div class=\"eael-entry-thumbnail \">\n                <img loading=\"lazy\" decoding=\"async\" width=\"768\" height=\"703\" src=\"https:\/\/sp6zhp.pl\/wp-content\/uploads\/2026\/01\/generated-image-3-e1767816401538.png\" class=\"attachment-medium_large size-medium_large wp-image-1235\" alt=\"\" srcset=\"https:\/\/sp6zhp.pl\/wp-content\/uploads\/2026\/01\/generated-image-3-e1767816401538.png 768w, https:\/\/sp6zhp.pl\/wp-content\/uploads\/2026\/01\/generated-image-3-e1767816401538-300x275.png 300w\" sizes=\"(max-width: 768px) 100vw, 768px\" \/>\n            <\/div>\n        <\/div><div class=\"eael-entry-wrapper\"><header class=\"eael-entry-header\"><h3 class=\"eael-entry-title\"><a class=\"eael-grid-post-link\" href=\"https:\/\/sp6zhp.pl\/?p=1234\" title=\"\u0106wiczenia JRS G\u0142og\u00f3w\">\u0106wiczenia JRS G\u0142og\u00f3w<\/a><\/h3><\/header><div class=\"eael-entry-header-after\"><div class=\"eael-entry-meta\"><span class=\"eael-posted-on\"><time datetime=\"2026-01-04\">2026-01-04<\/time><\/span><\/div><\/div><div class=\"eael-entry-content\">\n                        <div class=\"eael-grid-post-excerpt\"><p>\u0106wiczenia JRS G\u0142og\u00f3w \u2013 udzia\u0142 terenowej sekcji \u0142\u0105czno\u015bci DASR oraz...<\/p><a href=\"https:\/\/sp6zhp.pl\/?p=1234\" class=\"eael-post-elements-readmore-btn\">Read More<\/a><\/div>\n                    <\/div><\/div><\/div>\n        <\/div>\n    <\/article><article class=\"eael-grid-post  eael-post-grid-column eael-pg-post-1237 category-aktualnosci tags-sp6mnm-zawody-strzeleckie\" data-id=\"1237\">\n        <div class=\"eael-grid-post-holder\">\n            <div class=\"eael-grid-post-holder-inner\"><div class=\"eael-entry-media\"><div class=\"eael-entry-overlay fade-in\"><i class=\"fas fa-long-arrow-alt-right\" aria-hidden=\"true\"><\/i><a href=\"https:\/\/sp6zhp.pl\/?p=1237\"><\/a><\/div><div class=\"eael-entry-thumbnail \">\n                <img loading=\"lazy\" decoding=\"async\" width=\"768\" height=\"512\" src=\"https:\/\/sp6zhp.pl\/wp-content\/uploads\/2026\/01\/generated-image-4-768x512.jpg\" class=\"attachment-medium_large size-medium_large wp-image-1238\" alt=\"\" srcset=\"https:\/\/sp6zhp.pl\/wp-content\/uploads\/2026\/01\/generated-image-4-768x512.jpg 768w, https:\/\/sp6zhp.pl\/wp-content\/uploads\/2026\/01\/generated-image-4-300x200.jpg 300w, https:\/\/sp6zhp.pl\/wp-content\/uploads\/2026\/01\/generated-image-4-1024x683.jpg 1024w, https:\/\/sp6zhp.pl\/wp-content\/uploads\/2026\/01\/generated-image-4-1536x1024.jpg 1536w, https:\/\/sp6zhp.pl\/wp-content\/uploads\/2026\/01\/generated-image-4-2048x1365.jpg 2048w\" sizes=\"(max-width: 768px) 100vw, 768px\" \/>\n            <\/div>\n        <\/div><div class=\"eael-entry-wrapper\"><header class=\"eael-entry-header\"><h3 class=\"eael-entry-title\"><a class=\"eael-grid-post-link\" href=\"https:\/\/sp6zhp.pl\/?p=1237\" title=\"SP6ZHP na Wojew\u00f3dzkich Zawodach Strzeleckich Stra\u017cak\u00f3w OSP\">SP6ZHP na Wojew\u00f3dzkich Zawodach Strzeleckich Stra\u017cak\u00f3w OSP<\/a><\/h3><\/header><div class=\"eael-entry-header-after\"><div class=\"eael-entry-meta\"><span class=\"eael-posted-on\"><time datetime=\"2025-12-21\">2025-12-21<\/time><\/span><\/div><\/div><div class=\"eael-entry-content\">\n                        <div class=\"eael-grid-post-excerpt\"><p>SP6ZHP na Wojew\u00f3dzkich Zawodach Strzeleckich Stra\u017cak\u00f3w OSP \u2013 Wroc\u0142aw 202520...<\/p><a href=\"https:\/\/sp6zhp.pl\/?p=1237\" class=\"eael-post-elements-readmore-btn\">Read More<\/a><\/div>\n                    <\/div><\/div><\/div>\n        <\/div>\n    <\/article><article class=\"eael-grid-post  eael-post-grid-column eael-pg-post-1240 category-aktualnosci tags-cwiczenia-sp6mnm-szoprn-ii\" data-id=\"1240\">\n        <div class=\"eael-grid-post-holder\">\n            <div class=\"eael-grid-post-holder-inner\"><div class=\"eael-entry-media\"><div class=\"eael-entry-overlay fade-in\"><i class=\"fas fa-long-arrow-alt-right\" aria-hidden=\"true\"><\/i><a href=\"https:\/\/sp6zhp.pl\/?p=1240\"><\/a><\/div><div class=\"eael-entry-thumbnail \">\n                <img loading=\"lazy\" decoding=\"async\" width=\"768\" height=\"530\" src=\"https:\/\/sp6zhp.pl\/wp-content\/uploads\/2026\/01\/generated-image-5-e1767818496238.png\" class=\"attachment-medium_large size-medium_large wp-image-1241\" alt=\"\" srcset=\"https:\/\/sp6zhp.pl\/wp-content\/uploads\/2026\/01\/generated-image-5-e1767818496238.png 768w, https:\/\/sp6zhp.pl\/wp-content\/uploads\/2026\/01\/generated-image-5-e1767818496238-300x207.png 300w\" sizes=\"(max-width: 768px) 100vw, 768px\" \/>\n            <\/div>\n        <\/div><div class=\"eael-entry-wrapper\"><header class=\"eael-entry-header\"><h3 class=\"eael-entry-title\"><a class=\"eael-grid-post-link\" href=\"https:\/\/sp6zhp.pl\/?p=1240\" title=\"Akcja \u201eSzopen II\u201d \u2013 \u0107wiczenia poszukiwawczo-koordynacyjne\">Akcja \u201eSzopen II\u201d \u2013 \u0107wiczenia poszukiwawczo-koordynacyjne<\/a><\/h3><\/header><div class=\"eael-entry-header-after\"><div class=\"eael-entry-meta\"><span class=\"eael-posted-on\"><time datetime=\"2025-12-07\">2025-12-07<\/time><\/span><\/div><\/div><div class=\"eael-entry-content\">\n                        <div class=\"eael-grid-post-excerpt\"><p>W dniach 06.12.2025 odby\u0142a si\u0119 druga edycja \u0107wicze\u0144 terenowych \u201eAkcja...<\/p><a href=\"https:\/\/sp6zhp.pl\/?p=1240\" class=\"eael-post-elements-readmore-btn\">Read More<\/a><\/div>\n                    <\/div><\/div><\/div>\n        <\/div>\n    <\/article><\/div>\n            <div class=\"clearfix\"><\/div>\n        <\/div>            <div class=\"eael-load-more-button-wrap eael-force-hide\">\n                <button class=\"eael-load-more-button\" id=\"eael-load-more-btn-4149108\" data-widget-id=\"4149108\" data-widget=\"4149108\" data-page-id=\"478\" data-template=\"{&quot;dir&quot;:&quot;lite&quot;,&quot;file_name&quot;:&quot;one.php&quot;,&quot;name&quot;:&quot;Post-Grid&quot;}\" data-class=\"Essential_Addons_Elementor\\Elements\\Post_Grid\" data-layout=\"masonry\" data-page=\"1\" data-args=\"orderby=date&amp;order=desc&amp;ignore_sticky_posts=1&amp;post_status=publish&amp;posts_per_page=4&amp;offset=0&amp;post_type=post\" data-max-page=\"5\">\n                    <span class=\"eael-btn-loader button__loader\"><\/span>\n                    <span class=\"eael_load_more_text\">Load More<\/span>\n                <\/button>\n            <\/div>\n            \t\t\t\t<\/div>\n\t\t\t\t<\/div>\n\t\t\t\t<div class=\"elementor-element elementor-element-203f9dc elementor-widget-divider--view-line elementor-widget elementor-widget-divider\" data-id=\"203f9dc\" data-element_type=\"widget\" data-widget_type=\"divider.default\">\n\t\t\t\t<div class=\"elementor-widget-container\">\n\t\t\t\t\t\t\t<div class=\"elementor-divider\">\n\t\t\t<span class=\"elementor-divider-separator\">\n\t\t\t\t\t\t<\/span>\n\t\t<\/div>\n\t\t\t\t\t\t<\/div>\n\t\t\t\t<\/div>\n\t\t\t\t\t<\/div>\n\t\t\t\t<\/div>\n\t\t<div class=\"elementor-element elementor-element-efd66c5 e-flex e-con-boxed e-con e-parent\" data-id=\"efd66c5\" data-element_type=\"container\">\n\t\t\t\t\t<div class=\"e-con-inner\">\n\t\t\t\t<div class=\"elementor-element elementor-element-164fb2e elementor-widget elementor-widget-heading\" data-id=\"164fb2e\" data-element_type=\"widget\" data-widget_type=\"heading.default\">\n\t\t\t\t<div class=\"elementor-widget-container\">\n\t\t\t\t\t<h2 class=\"elementor-heading-title elementor-size-default\">Kalendarz wydarze\u0144<\/h2>\t\t\t\t<\/div>\n\t\t\t\t<\/div>\n\t\t\t\t\t<\/div>\n\t\t\t\t<\/div>\n\t\t<div class=\"elementor-element elementor-element-cff207f e-flex e-con-boxed e-con e-parent\" data-id=\"cff207f\" data-element_type=\"container\">\n\t\t\t\t\t<div class=\"e-con-inner\">\n\t\t\t\t\t<\/div>\n\t\t\t\t<\/div>\n\t\t<div class=\"elementor-element elementor-element-c7494b1 e-flex e-con-boxed e-con e-parent\" data-id=\"c7494b1\" data-element_type=\"container\">\n\t\t\t\t\t<div class=\"e-con-inner\">\n\t\t\t\t<div class=\"elementor-element elementor-element-9fc56bc elementor-widget elementor-widget-html\" data-id=\"9fc56bc\" data-element_type=\"widget\" data-widget_type=\"html.default\">\n\t\t\t\t<div class=\"elementor-widget-container\">\n\t\t\t\t\t<iframe src=\"https:\/\/calendar.google.com\/calendar\/embed?src=sp6zhp%40gmail.com&ctz=Europe%2FWarsaw\" style=\"border: 0\" width=\"800\" height=\"600\" frameborder=\"0\" scrolling=\"no\"><\/iframe>\t\t\t\t<\/div>\n\t\t\t\t<\/div>\n\t\t\t\t\t<\/div>\n\t\t\t\t<\/div>\n\t\t\t\t<\/div>\n\t\t","protected":false},"excerpt":{"rendered":"<p>Harcerski Klub \u0141\u0105czno\u015bci SP6ZHP RadioAktywni Aktualno\u015bci Kurs Kr\u00f3tkofalarski 2025 2025-02-12 Czuwaj. Jak co roku mamy przyjemno\u015b\u0107 zaprosi\u0107 wszystkich zainteresowanych radiotechnik\u0105&#8230; Read More Twoje&#8230;<\/p>\n","protected":false},"author":1,"featured_media":436,"parent":0,"menu_order":0,"comment_status":"closed","ping_status":"closed","template":"","meta":{"_kadence_starter_templates_imported_post":true,"_kad_post_transparent":"","_kad_post_title":"hide","_kad_post_layout":"fullwidth","_kad_post_sidebar_id":"","_kad_post_content_style":"unboxed","_kad_post_vertical_padding":"hide","_kad_post_feature":"hide","_kad_post_feature_position":"","_kad_post_header":false,"_kad_post_footer":false,"footnotes":""},"class_list":["post-478","page","type-page","status-publish","has-post-thumbnail","hentry"],"_links":{"self":[{"href":"https:\/\/sp6zhp.pl\/index.php?rest_route=\/wp\/v2\/pages\/478","targetHints":{"allow":["GET"]}}],"collection":[{"href":"https:\/\/sp6zhp.pl\/index.php?rest_route=\/wp\/v2\/pages"}],"about":[{"href":"https:\/\/sp6zhp.pl\/index.php?rest_route=\/wp\/v2\/types\/page"}],"author":[{"embeddable":true,"href":"https:\/\/sp6zhp.pl\/index.php?rest_route=\/wp\/v2\/users\/1"}],"replies":[{"embeddable":true,"href":"https:\/\/sp6zhp.pl\/index.php?rest_route=%2Fwp%2Fv2%2Fcomments&post=478"}],"version-history":[{"count":109,"href":"https:\/\/sp6zhp.pl\/index.php?rest_route=\/wp\/v2\/pages\/478\/revisions"}],"predecessor-version":[{"id":1201,"href":"https:\/\/sp6zhp.pl\/index.php?rest_route=\/wp\/v2\/pages\/478\/revisions\/1201"}],"wp:featuredmedia":[{"embeddable":true,"href":"https:\/\/sp6zhp.pl\/index.php?rest_route=\/"}],"wp:attachment":[{"href":"https:\/\/sp6zhp.pl\/index.php?rest_route=%2Fwp%2Fv2%2Fmedia&parent=478"}],"curies":[{"name":"wp","href":"https:\/\/api.w.org\/{rel}","templated":true}]}}